{"id":20647,"date":"2023-11-22T08:55:04","date_gmt":"2023-11-22T07:55:04","guid":{"rendered":"https:\/\/www.votronic.de\/retailer\/poland\/"},"modified":"2026-03-11T10:47:53","modified_gmt":"2026-03-11T09:47:53","slug":"poland","status":"publish","type":"page","link":"https:\/\/www.votronic.de\/en\/retailer\/poland\/","title":{"rendered":"Poland"},"content":{"rendered":"<p>[et_pb_section fb_built=&#8221;1&#8243; custom_padding_last_edited=&#8221;on|phone&#8221; module_id=&#8221;faq&#8221; _builder_version=&#8221;4.17.4&#8243; _module_preset=&#8221;default&#8221; background_color=&#8221;#000000&#8243; custom_padding=&#8221;8%||4%||false|false&#8221; custom_padding_tablet=&#8221;8%||4%||false|false&#8221; custom_padding_phone=&#8221;30%||4%||false|false&#8221; global_colors_info=&#8221;{}&#8221;][et_pb_row _builder_version=&#8221;4.22.1&#8243; _module_preset=&#8221;default&#8221; global_colors_info=&#8221;{}&#8221;][et_pb_column type=&#8221;4_4&#8243; _builder_version=&#8221;4.17.4&#8243; _module_preset=&#8221;default&#8221; global_colors_info=&#8221;{}&#8221;][et_pb_text _builder_version=&#8221;4.22.1&#8243; _module_preset=&#8221;default&#8221; text_font=&#8221;Votronic-headline|600|||||||&#8221; text_text_color=&#8221;#FFFFFF&#8221; text_line_height=&#8221;1.8em&#8221; header_font=&#8221;|||on|||||&#8221; header_2_font=&#8221;Votronic-Marsden|||on|||||&#8221; header_2_text_color=&#8221;#01a0e2&#8243; header_2_font_size=&#8221;3.8vw&#8221; header_2_letter_spacing=&#8221;4px&#8221; header_3_font=&#8221;Votronic-headline|700|||||||&#8221; header_3_text_color=&#8221;#01a0e2&#8243; header_3_font_size=&#8221;21px&#8221; custom_margin=&#8221;||20px||false|false&#8221; animation_direction=&#8221;bottom&#8221; header_2_font_size_tablet=&#8221;52px&#8221; header_2_font_size_phone=&#8221;12vw&#8221; header_2_font_size_last_edited=&#8221;on|phone&#8221; global_colors_info=&#8221;{%22gcid-27d2ce06-760f-42d2-a1c5-7c4ce4f33136%22:%91%22header_2_text_color%22%93}&#8221;]<\/p>\n<h2>Poland<\/h2>\n<p>[\/et_pb_text][divi_wpfd_file_category category_id=&#8221;{%22categoryId%22:%2226%22,%22categoryPath%22:%22Rettung &#038; Einsatz%22}&#8221; _builder_version=&#8221;4.22.1&#8243; _module_preset=&#8221;default&#8221; module_text_color=&#8221;#E02B20&#8243; global_colors_info=&#8221;{}&#8221;][\/divi_wpfd_file_category][\/et_pb_column][\/et_pb_row][et_pb_row _builder_version=&#8221;4.27.3&#8243; _module_preset=&#8221;default&#8221; background_enable_color=&#8221;off&#8221; custom_padding=&#8221;0px||0px||false|false&#8221; hover_enabled=&#8221;0&#8243; global_colors_info=&#8221;{}&#8221; border_color_bottom=&#8221;#FFFFFF&#8221; border_width_bottom=&#8221;1px&#8221; sticky_enabled=&#8221;0&#8243;][et_pb_column type=&#8221;4_4&#8243; _builder_version=&#8221;4.22.1&#8243; _module_preset=&#8221;default&#8221; global_colors_info=&#8221;{}&#8221;][et_pb_text _builder_version=&#8221;4.22.1&#8243; _module_preset=&#8221;default&#8221; text_font=&#8221;Votronic-headline||||||||&#8221; global_colors_info=&#8221;{}&#8221;]<\/p>\n<p>To purchase our equipment in Poland, please contact our distributor:<\/p>\n<p>[\/et_pb_text][et_pb_text _builder_version=&#8221;4.22.1&#8243; _module_preset=&#8221;default&#8221; text_font=&#8221;Votronic-headline||||||||&#8221; global_colors_info=&#8221;{}&#8221;]<\/p>\n<p><strong>Allcamp <span style=\"line-height: 1.5;\"><span style=\"font-size: 18px;\">Sp. z o.o. <\/span><\/span>P <\/strong><br \/>ul. Aleksandrowska 2\/8<br \/>91-120 \u0141\u00f3d\u017a <\/p>\n<p>Telephone +48 426542999<\/p>\n<p><a href=\"https:\/\/www.allcamp.pl\" target=\"_blank\" rel=\"noopener\" title=\"Allcamp\">www.allcamp.pl<\/a><\/p>\n<p>[\/et_pb_text][et_pb_image src=&#8221;https:\/\/www.votronic.de\/wp-content\/uploads\/2025\/04\/Allcamp.png&#8221; title_text=&#8221;Allcamp&#8221; url=&#8221;https:\/\/www.allcamp.pl&#8221; url_new_window=&#8221;on&#8221; _builder_version=&#8221;4.27.3&#8243; _module_preset=&#8221;default&#8221; hover_enabled=&#8221;0&#8243; global_colors_info=&#8221;{}&#8221; sticky_enabled=&#8221;0&#8243;][\/et_pb_image][divi_wpfd_file_category category_id=&#8221;{%22categoryId%22:%2226%22,%22categoryPath%22:%22Rettung &#038; Einsatz%22}&#8221; _builder_version=&#8221;4.22.1&#8243; _module_preset=&#8221;default&#8221; module_text_color=&#8221;#E02B20&#8243; global_colors_info=&#8221;{}&#8221;][\/divi_wpfd_file_category][\/et_pb_column][\/et_pb_row][et_pb_row _builder_version=&#8221;4.27.3&#8243; _module_preset=&#8221;default&#8221; background_enable_color=&#8221;off&#8221; custom_padding=&#8221;0px||0px||false|false&#8221; hover_enabled=&#8221;0&#8243; global_colors_info=&#8221;{}&#8221; custom_margin=&#8221;20px||||false|false&#8221; sticky_enabled=&#8221;0&#8243;][et_pb_column type=&#8221;4_4&#8243; _builder_version=&#8221;4.22.1&#8243; _module_preset=&#8221;default&#8221; global_colors_info=&#8221;{}&#8221;][et_pb_text _builder_version=&#8221;4.22.1&#8243; _module_preset=&#8221;default&#8221; text_font=&#8221;Votronic-headline||||||||&#8221; global_colors_info=&#8221;{}&#8221;]<\/p>\n<p><strong>4SUN , Sp\u00f3\u0142ka z ograniczon\u0105<\/strong><br \/>odpowiedzialno\u015bci\u0105 SP. K.<br \/>Annopol 4A \/ Budynek B<br \/>03-236 Warsaw <\/p>\n<p>Telephone +48 22 114 98 05<\/p>\n<p><a href=\"https:\/\/www.4sun.eu\" target=\"_blank\" rel=\"noopener\" title=\"4sun\">www.4sun.eu<\/a><\/p>\n<p>[\/et_pb_text][et_pb_image src=&#8221;https:\/\/www.votronic.de\/wp-content\/uploads\/2023\/11\/4sun.jpg&#8221; title_text=&#8221;4sun&#8221; url=&#8221;https:\/\/www.4sun.eu&#8221; url_new_window=&#8221;on&#8221; _builder_version=&#8221;4.22.1&#8243; _module_preset=&#8221;default&#8221; global_colors_info=&#8221;{}&#8221;][\/et_pb_image][divi_wpfd_file_category category_id=&#8221;{%22categoryId%22:%2226%22,%22categoryPath%22:%22Rettung &#038; Einsatz%22}&#8221; _builder_version=&#8221;4.22.1&#8243; _module_preset=&#8221;default&#8221; module_text_color=&#8221;#E02B20&#8243; global_colors_info=&#8221;{}&#8221;][\/divi_wpfd_file_category][\/et_pb_column][\/et_pb_row][\/et_pb_section]<\/p>\n","protected":false},"excerpt":{"rendered":"<p>Poland<div class=\"et_pb_module divi_wpfd_file_category divi_wpfd_file_category_0\">\n\t\t\t\t\n\t\t\t\t\n\t\t\t\t\n\t\t\t\t\n\t\t\t\t\n\t\t\t\t\n\t\t\t\t<div class=\"et_pb_module_inner\">\n\t\t\t\t\t\n\t\t\t\t<\/div>\n\t\t\t<\/div>To purchase our equipment in Poland, please contact our distributor:Allcamp Sp. z o.o. P ul. Aleksandrowska 2\/891-120 \u0141\u00f3d\u017a Telephone +48 426542999 www.allcamp.pl<div class=\"et_pb_module divi_wpfd_file_category divi_wpfd_file_category_1\">\n\t\t\t\t\n\t\t\t\t\n\t\t\t\t\n\t\t\t\t\n\t\t\t\t\n\t\t\t\t\n\t\t\t\t<div class=\"et_pb_module_inner\">\n\t\t\t\t\t\n\t\t\t\t<\/div>\n\t\t\t<\/div>4SUN , Sp\u00f3\u0142ka z ograniczon\u0105odpowiedzialno\u015bci\u0105 SP. K.Annopol 4A \/ Budynek B03-236 Warsaw Telephone +48 22 114 98 05 www.4sun.eu<div class=\"et_pb_module divi_wpfd_file_category divi_wpfd_file_category_2\">\n\t\t\t\t\n\t\t\t\t\n\t\t\t\t\n\t\t\t\t\n\t\t\t\t\n\t\t\t\t\n\t\t\t\t<div class=\"et_pb_module_inner\">\n\t\t\t\t\t<div class=\"wpfd-all-file-category\" data-theme=\"\"><\/div>\n\t\t\t\t<\/div>\n\t\t\t<\/div><\/p>\n","protected":false},"author":2,"featured_media":0,"parent":20631,"menu_order":17,"comment_status":"closed","ping_status":"closed","template":"","meta":{"_et_pb_use_builder":"on","_et_pb_old_content":"","_et_gb_content_width":"","footnotes":""},"class_list":["post-20647","page","type-page","status-publish","hentry"],"_links":{"self":[{"href":"https:\/\/www.votronic.de\/en\/wp-json\/wp\/v2\/pages\/20647","targetHints":{"allow":["GET"]}}],"collection":[{"href":"https:\/\/www.votronic.de\/en\/wp-json\/wp\/v2\/pages"}],"about":[{"href":"https:\/\/www.votronic.de\/en\/wp-json\/wp\/v2\/types\/page"}],"author":[{"embeddable":true,"href":"https:\/\/www.votronic.de\/en\/wp-json\/wp\/v2\/users\/2"}],"replies":[{"embeddable":true,"href":"https:\/\/www.votronic.de\/en\/wp-json\/wp\/v2\/comments?post=20647"}],"version-history":[{"count":4,"href":"https:\/\/www.votronic.de\/en\/wp-json\/wp\/v2\/pages\/20647\/revisions"}],"predecessor-version":[{"id":23272,"href":"https:\/\/www.votronic.de\/en\/wp-json\/wp\/v2\/pages\/20647\/revisions\/23272"}],"up":[{"embeddable":true,"href":"https:\/\/www.votronic.de\/en\/wp-json\/wp\/v2\/pages\/20631"}],"wp:attachment":[{"href":"https:\/\/www.votronic.de\/en\/wp-json\/wp\/v2\/media?parent=20647"}],"curies":[{"name":"wp","href":"https:\/\/api.w.org\/{rel}","templated":true}]}}